{"id":52,"date":"2024-01-14T13:00:23","date_gmt":"2024-01-14T12:00:23","guid":{"rendered":"https:\/\/mydigitallibrary.charly-gandhi.com\/?page_id=52"},"modified":"2024-05-28T13:53:45","modified_gmt":"2024-05-28T11:53:45","slug":"mobilities","status":"publish","type":"page","link":"https:\/\/mydigitallibrary.charly-gandhi.com\/?page_id=52","title":{"rendered":"Partners"},"content":{"rendered":"<!-- <figure class=\"wp-block-table\"> -->\r\n<table style=\"height: 997px;\" border=\"0\" width=\"756\" cellspacing=\"0\" cellpadding=\"0\" bgcolor=\"#ffffff\">\r\n<tbody>\r\n<tr>\r\n<td width=\"33%\">\r\n<p><img loading=\"lazy\" decoding=\"async\" class=\"wp-image-158 aligncenter\" src=\"https:\/\/mydigitallibrary.charly-gandhi.com\/wp-content\/uploads\/2024\/05\/logosd.png\" alt=\"\" width=\"133\" height=\"133\" srcset=\"https:\/\/mydigitallibrary.charly-gandhi.com\/wp-content\/uploads\/2024\/05\/logosd.png 204w, https:\/\/mydigitallibrary.charly-gandhi.com\/wp-content\/uploads\/2024\/05\/logosd-150x150.png 150w\" sizes=\"auto, (max-width: 133px) 100vw, 133px\" \/><\/p>\r\n<\/td>\r\n<td width=\"33%\"><img decoding=\"async\" class=\"aligncenter\" src=\"https:\/\/mydigitallibrary.charly-gandhi.com\/wp-content\/uploads\/2024\/01\/Logo-Lithuania.png\" alt=\"\" \/><\/td>\r\n<td width=\"33%\"><img loading=\"lazy\" decoding=\"async\" class=\"alignnone size-medium wp-image-250\" src=\"https:\/\/mydigitallibrary.charly-gandhi.com\/wp-content\/uploads\/2024\/05\/logo_UGent_EN_RGB_2400_color-on-white-300x240.png\" alt=\"\" width=\"300\" height=\"240\" srcset=\"https:\/\/mydigitallibrary.charly-gandhi.com\/wp-content\/uploads\/2024\/05\/logo_UGent_EN_RGB_2400_color-on-white-300x240.png 300w, https:\/\/mydigitallibrary.charly-gandhi.com\/wp-content\/uploads\/2024\/05\/logo_UGent_EN_RGB_2400_color-on-white-1024x819.png 1024w, https:\/\/mydigitallibrary.charly-gandhi.com\/wp-content\/uploads\/2024\/05\/logo_UGent_EN_RGB_2400_color-on-white-768x615.png 768w, https:\/\/mydigitallibrary.charly-gandhi.com\/wp-content\/uploads\/2024\/05\/logo_UGent_EN_RGB_2400_color-on-white-1536x1229.png 1536w, https:\/\/mydigitallibrary.charly-gandhi.com\/wp-content\/uploads\/2024\/05\/logo_UGent_EN_RGB_2400_color-on-white-2048x1639.png 2048w\" sizes=\"auto, (max-width: 300px) 100vw, 300px\" \/><\/td>\r\n<\/tr>\r\n<tr>\r\n<td valign=\"TOP\" width=\"33%\">\r\n<p><strong><span style=\"vertical-align: inherit;\"><span style=\"vertical-align: inherit;\"><span style=\"vertical-align: inherit;\"><span style=\"vertical-align: inherit;\"><span style=\"vertical-align: inherit;\"><span style=\"vertical-align: inherit;\">IES Santo Domingo,<\/span><\/span><\/span><\/span><\/span><\/span><\/strong><span style=\"vertical-align: inherit;\"><span style=\"vertical-align: inherit;\"><span style=\"vertical-align: inherit;\"><span style=\"vertical-align: inherit;\"><span style=\"vertical-align: inherit;\"><span style=\"vertical-align: inherit;\"> It is an educational institution that offers secondary, high school and vocational training in the maintenance of health and sports facilities. With approximately 1000 students and 100 teachers, we are committed to academic excellence and holistic development. In Almer\u00eda we face challenges such as water scarcity and climatic conditions; We undertake projects such as Erasmus&#8217; \u00abWe want to breathe free\u00bb and Aid in Action&#8217;s \u00abJust One Planet\u00bb. While intensive agriculture and greenhouse cultivation affect the environment in our region, tropical trees in Motril also threaten groundwater. We strive for sustainable solutions by protecting local biodiversity and acknowledging the impact on species such as Magribi and artho. At IES Santo Domingo, we train not only the minds but also the hearts that give to the environment. We are a school where education and environmental awareness combine to create a more sustainable future.<\/span><\/span><\/span><\/span><\/span><\/span><\/p>\r\n<\/td>\r\n<td valign=\"TOP\" width=\"33%\"><strong><span style=\"vertical-align: inherit;\"><span style=\"vertical-align: inherit;\"><span style=\"vertical-align: inherit;\"><span style=\"vertical-align: inherit;\"><span style=\"vertical-align: inherit;\"><span style=\"vertical-align: inherit;\">Kauno Milikoni\u0173 progimnazija<\/span><\/span><\/span><\/span><\/span><\/span><\/strong><br \/>A large, beautiful, oval-shaped building appeared in the 1990s on the site where the village of Milikonys once stood. A large number of creative students and active teachers gathered under its roof. We study persistently and honestly in lessons, we sing and dance after lessons, we act and do sports. At school, when he grows up (6 \u2013 15 years old) he is together in the progymnasium (general education (primary school and secondary 1st grade)). There are 1010 students and 72 staff. It is located almost on the outskirts of Kaunas. One of the most important goals of our school is the emphasis on diversity and integration (inclusive education). Together, we hope for our school, excitement for our country, and the fate of our state.<\/td>\r\n<td valign=\"TOP\" width=\"33%\">\r\n<p><span style=\"vertical-align: inherit;\"><span style=\"vertical-align: inherit;\"><span style=\"vertical-align: inherit;\"><span style=\"vertical-align: inherit;\"><span style=\"vertical-align: inherit;\"><span style=\"vertical-align: inherit;\"><strong>Department of Geography, Ghent University,<\/strong> The University of Ghent (UGent) is a socially connected, determined and pluralistic university open to all participants, regardless of their ideological, political, cultural or social background. It defines itself in a broad international perspective. In its mission statement, it emphasizes the process of change at all levels and internationalization as the basis of sustained policy, while preserving its own language and culture. UGent is currently one of the most important high-growth and research structures in the Low Countries. UGent attracts more than 50,000 students each year, with over 5,000 EU citizens and non-EU citizens studying abroad. It is one of the largest employers in the state of East Flanders, with 8,300 employees. Diversity, inclusion and performance are the core elements of UGent&#8217;s human resources policy. The department&#8217;s research focuses on landscape studies that address the impact of human climate on soil-land-atmosphere processes or the rapid changes in our environment. Many applied sciences, such as regional and planning planning (impact assessment), land evaluation and marketing, require this basic knowledge, and the demand is still growing.<\/span><\/span><\/span><\/span><\/span><\/span><\/p>\r\n<\/td>\r\n<\/tr>\r\n<tr>\r\n<td width=\"33%\">\r\n<p><img loading=\"lazy\" decoding=\"async\" class=\"size-medium wp-image-281 aligncenter\" src=\"https:\/\/mydigitallibrary.charly-gandhi.com\/wp-content\/uploads\/2024\/05\/WhatsApp-Image-2024-03-26-at-15.12.17-300x300.jpeg\" alt=\"RAAL, 1998 y\u0131l\u0131nda e\u011fitim hayat\u0131na ba\u015flad\u0131. 14-18 ya\u015f aras\u0131 ki\u015filerin bulundu\u011fu bir devlet ortaokuludur. Okul, yakla\u015f\u0131k 2.530.257 n\u00fcfuslu bir \u015fehir olan Adana \u00c7ukurova b\u00f6lgesinde bulunmaktad\u0131r. Okulumuza gelen ba\u015fvuru genellikle olduk\u00e7a motivedir. farkl\u0131 proje ve faaliyetlerle motive etmek \u00f6nemlidir. Okul 530 \u00f6\u011frenci kapasitesi 19 derslik e\u011fitim evi, e\u011fitmen odas\u0131, konferans odas\u0131 ve salonundan olu\u015fmaktad\u0131r. Okul binam\u0131zda kantin ve spor tesisleri bulunmaktad\u0131r. Modern kentle\u015fmenin yan\u0131 gecekondu yerle\u015fimleri de var. \u00d6\u011frencilerimiz bir\u00e7ok k\u00fclt\u00fcrel ve sportif aktiviteye kat\u0131lmaktad\u0131r. Okul y\u00f6netimi ara\u015ft\u0131rmas\u0131 ve bilgi \u00fcretimine b\u00fcy\u00fck \u00f6nem vermekte ve d\u00fcnya ve Avrupa hakk\u0131nda net bir g\u00f6r\u00fc\u015fe sahip olmak i\u00e7in \u00e7al\u0131\u015fmaktad\u0131r. Okulu ayn\u0131 zamanda bu bilgiyi takip etmek i\u00e7in gerekli vizyona sahiptir. Avrupa toplumunun g\u00f6r\u00fcn\u00fcm\u00fc ve Avrupa'ya geni\u015flemek i\u00e7in yenilikler. a\u015famal\u0131 okul terk sorunuyla m\u00fccadele eden bir mahalle okuluydu. Art\u0131k projeler ve e\u011fitim kalitesiyle takdir edilen bir okul haline geldi. Temel olarak takip eden 3 ana y\u0131lda mezun oluyoruz. Ayr\u0131ca yerel, ulusal ve uluslararas\u0131 projelerle sosyal becerileri geli\u015ftiriyoruz. Huzurevi ziyaretleri, hayvan bar\u0131na\u011f\u0131 ziyaretleri, a\u011fa\u00e7 dikimi ve kan ba\u011f\u0131\u015flar\u0131 her y\u0131l yap\u0131lan yerel etkinliklerdir. T\u00dcB\u0130TAK, Teknofest, edebiyat ve resim yar\u0131\u015fmalar\u0131na kat\u0131lma ulusal projelerimiz, eTwinning, Erasmus ve Alman-T\u00fcrk gen\u00e7lik projeleri ise uluslararas\u0131 projelerimizdir.\" width=\"300\" height=\"300\" srcset=\"https:\/\/mydigitallibrary.charly-gandhi.com\/wp-content\/uploads\/2024\/05\/WhatsApp-Image-2024-03-26-at-15.12.17-300x300.jpeg 300w, https:\/\/mydigitallibrary.charly-gandhi.com\/wp-content\/uploads\/2024\/05\/WhatsApp-Image-2024-03-26-at-15.12.17-1024x1024.jpeg 1024w, https:\/\/mydigitallibrary.charly-gandhi.com\/wp-content\/uploads\/2024\/05\/WhatsApp-Image-2024-03-26-at-15.12.17-150x150.jpeg 150w, https:\/\/mydigitallibrary.charly-gandhi.com\/wp-content\/uploads\/2024\/05\/WhatsApp-Image-2024-03-26-at-15.12.17-768x768.jpeg 768w, https:\/\/mydigitallibrary.charly-gandhi.com\/wp-content\/uploads\/2024\/05\/WhatsApp-Image-2024-03-26-at-15.12.17.jpeg 1375w\" sizes=\"auto, (max-width: 300px) 100vw, 300px\" \/><\/p>\r\n<p><strong>RAMAZAN ATIL ANADOLU L\u0130SES\u0130 (RAAL)<\/strong>, started its education life in 1998. It is a public secondary school for students aged 14-18. The school is located in Adana \u00c7ukurova region, a city with a population of approximately 2,530,257. Applications to our school are usually very motivated. It is important to motivate with different projects and activities. The school has a capacity of 530 students, 19 classrooms, a training house, an instructor&#8217;s room, a conference room and a hall. There is a canteen and sports facilities in our school building. Besides modern urbanization, there are also slum settlements. Our students participate in many cultural and sports activities. The school administration attaches great importance to research and knowledge production and strives to have a clear view of the world and Europe. His school also has the vision necessary to pursue this knowledge. The outlook for European society and innovations for expansion into Europe. It was a neighborhood school struggling with the problem of progressive dropout. It has now become a school appreciated for its projects and quality of education. Basically, we graduate in the following 3 main years. We also develop social skills with local, national and international projects. Nursing home visits, animal shelter visits, tree planting and blood donations are local events held every year. Participating in T\u00dcB\u0130TAK, Teknofest, literature and painting competitions are our national projects, and eTwinning, Erasmus and German-Turkish youth projects are our international projects.<\/p>\r\n<\/td>\r\n<td width=\"33%\"><span style=\"vertical-align: inherit;\"><span style=\"vertical-align: inherit;\"><span style=\"vertical-align: inherit;\"><span style=\"vertical-align: inherit;\"><span style=\"vertical-align: inherit;\"><span style=\"vertical-align: inherit;\"><span style=\"vertical-align: inherit;\">hello<\/span><\/span><\/span><\/span><\/span><\/span><\/span><\/td>\r\n<td width=\"33%\"><span style=\"vertical-align: inherit;\"><span style=\"vertical-align: inherit;\"><span style=\"vertical-align: inherit;\"><span style=\"vertical-align: inherit;\"><span style=\"vertical-align: inherit;\"><span style=\"vertical-align: inherit;\">hello<\/span><\/span><\/span><\/span><\/span><\/span><\/td>\r\n<\/tr>\r\n<\/tbody>\r\n<\/table>\r\n<!-- <\/figure> -->\r\n<p>&nbsp;<\/p>","protected":false},"excerpt":{"rendered":"<p>IES Santo Domingo, It is an educational institution that offers secondary, high school and vocational training in the maintenance of health and sports facilities. With approximately 1000 students and 100 teachers, we are committed to academic excellence and holistic development. In Almer\u00eda we face challenges such as water scarcity and climatic conditions; We undertake projects &#8230; <a title=\"Partners\" class=\"read-more\" href=\"https:\/\/mydigitallibrary.charly-gandhi.com\/?page_id=52\" aria-label=\"Leer m\u00e1s sobre Partners\">Leer m\u00e1s<\/a><\/p>\n","protected":false},"author":2,"featured_media":0,"parent":0,"menu_order":0,"comment_status":"closed","ping_status":"closed","template":"","meta":{"footnotes":""},"class_list":["post-52","page","type-page","status-publish"],"_links":{"self":[{"href":"https:\/\/mydigitallibrary.charly-gandhi.com\/index.php?rest_route=\/wp\/v2\/pages\/52","targetHints":{"allow":["GET"]}}],"collection":[{"href":"https:\/\/mydigitallibrary.charly-gandhi.com\/index.php?rest_route=\/wp\/v2\/pages"}],"about":[{"href":"https:\/\/mydigitallibrary.charly-gandhi.com\/index.php?rest_route=\/wp\/v2\/types\/page"}],"author":[{"embeddable":true,"href":"https:\/\/mydigitallibrary.charly-gandhi.com\/index.php?rest_route=\/wp\/v2\/users\/2"}],"replies":[{"embeddable":true,"href":"https:\/\/mydigitallibrary.charly-gandhi.com\/index.php?rest_route=%2Fwp%2Fv2%2Fcomments&post=52"}],"version-history":[{"count":30,"href":"https:\/\/mydigitallibrary.charly-gandhi.com\/index.php?rest_route=\/wp\/v2\/pages\/52\/revisions"}],"predecessor-version":[{"id":287,"href":"https:\/\/mydigitallibrary.charly-gandhi.com\/index.php?rest_route=\/wp\/v2\/pages\/52\/revisions\/287"}],"wp:attachment":[{"href":"https:\/\/mydigitallibrary.charly-gandhi.com\/index.php?rest_route=%2Fwp%2Fv2%2Fmedia&parent=52"}],"curies":[{"name":"wp","href":"https:\/\/api.w.org\/{rel}","templated":true}]}}